{"id":854,"date":"2024-08-21T15:43:46","date_gmt":"2024-08-21T15:43:46","guid":{"rendered":"https:\/\/halbes-schloss.de\/?page_id=854"},"modified":"2025-05-01T14:31:10","modified_gmt":"2025-05-01T14:31:10","slug":"das-halbe-schloss","status":"publish","type":"page","link":"https:\/\/halbes-schloss.de\/index.php\/das-halbe-schloss\/","title":{"rendered":"Das Halbe Schloss"},"content":{"rendered":"\n<p>Einblick in die Architektur <\/p>\n\n\n\n<figure class=\"wp-block-image size-full\"><img loading=\"lazy\" decoding=\"async\" width=\"1024\" height=\"1\" src=\"https:\/\/halbes-schloss.de\/wp-content\/uploads\/2024\/02\/Webseite_Trenner_lang.jpg\" alt=\"\" class=\"wp-image-620\" srcset=\"https:\/\/halbes-schloss.de\/wp-content\/uploads\/2024\/02\/Webseite_Trenner_lang.jpg 1024w, https:\/\/halbes-schloss.de\/wp-content\/uploads\/2024\/02\/Webseite_Trenner_lang-300x1.jpg 300w, https:\/\/halbes-schloss.de\/wp-content\/uploads\/2024\/02\/Webseite_Trenner_lang-150x1.jpg 150w, https:\/\/halbes-schloss.de\/wp-content\/uploads\/2024\/02\/Webseite_Trenner_lang-768x1.jpg 768w, https:\/\/halbes-schloss.de\/wp-content\/uploads\/2024\/02\/Webseite_Trenner_lang-950x1.jpg 950w\" sizes=\"auto, (max-width: 1024px) 100vw, 1024px\" \/><\/figure>\n\n\n\n<div class=\"wp-block-columns is-layout-flex wp-container-core-columns-is-layout-28f84493 wp-block-columns-is-layout-flex\">\n<div class=\"wp-block-column is-layout-flow wp-block-column-is-layout-flow\">\n<figure class=\"wp-block-image size-full\"><img loading=\"lazy\" decoding=\"async\" width=\"1226\" height=\"786\" src=\"https:\/\/halbes-schloss.de\/wp-content\/uploads\/2022\/12\/Halbes_Schloss_1830.jpg\" alt=\"\" class=\"wp-image-227\" srcset=\"https:\/\/halbes-schloss.de\/wp-content\/uploads\/2022\/12\/Halbes_Schloss_1830.jpg 1226w, https:\/\/halbes-schloss.de\/wp-content\/uploads\/2022\/12\/Halbes_Schloss_1830-300x192.jpg 300w, https:\/\/halbes-schloss.de\/wp-content\/uploads\/2022\/12\/Halbes_Schloss_1830-1024x656.jpg 1024w, https:\/\/halbes-schloss.de\/wp-content\/uploads\/2022\/12\/Halbes_Schloss_1830-768x492.jpg 768w\" sizes=\"auto, (max-width: 1226px) 100vw, 1226px\" \/><\/figure>\n<\/div>\n\n\n\n<div class=\"wp-block-column is-layout-flow wp-block-column-is-layout-flow\">\n<h3 class=\"wp-block-heading\">Das Schloss &#8211; 1711 bis ca. 1838<\/h3>\n\n\n\n<p>Die bislang einzige bekannte Darstellung des vollst\u00e4ndigen Schlosses stammt vermutlich aus der Zeit zwischen 1820 und 1830. Sie zeigt das Geb\u00e4ude in seinem urspr\u00fcnglichen Zustand vor der Niederlegung des S\u00fcdfl\u00fcgels.<\/p>\n\n\n\n<p>Das Schloss war ein beeindruckender Bauk\u00f6rper mit \u00fcber 120 Fenstern, acht risalitartig hervortretenden Achsen mit Giebelbekr\u00f6nungen und Skulpturenschmuck sowie einer zentralen Toranlage. Die Hauptfassade (Ostfassade) war symmetrisch aufgebaut \u2013 ein gestalterisches Element, das durch den sp\u00e4teren Verlust des Festsaalfl\u00fcgels heute nicht mehr nachvollziehbar ist.<\/p>\n\n\n\n<p>Trotz der baulichen Verluste hat sich an der erhaltenen Fassade ein hoher Anteil originaler Bausubstanz bewahrt.<\/p>\n\n\n\n<p>Heute stehen noch zwei Drittel des urspr\u00fcnglichen Bauwerks \u2013 das sogenannte \u201eHalbe Schloss\u201c.<\/p>\n<\/div>\n<\/div>\n\n\n\n<figure class=\"wp-block-image size-full\"><img loading=\"lazy\" decoding=\"async\" width=\"1024\" height=\"1\" src=\"https:\/\/halbes-schloss.de\/wp-content\/uploads\/2024\/02\/Webseite_Trenner_lang.jpg\" alt=\"\" class=\"wp-image-620\" srcset=\"https:\/\/halbes-schloss.de\/wp-content\/uploads\/2024\/02\/Webseite_Trenner_lang.jpg 1024w, https:\/\/halbes-schloss.de\/wp-content\/uploads\/2024\/02\/Webseite_Trenner_lang-300x1.jpg 300w, https:\/\/halbes-schloss.de\/wp-content\/uploads\/2024\/02\/Webseite_Trenner_lang-150x1.jpg 150w, https:\/\/halbes-schloss.de\/wp-content\/uploads\/2024\/02\/Webseite_Trenner_lang-768x1.jpg 768w, https:\/\/halbes-schloss.de\/wp-content\/uploads\/2024\/02\/Webseite_Trenner_lang-950x1.jpg 950w\" sizes=\"auto, (max-width: 1024px) 100vw, 1024px\" \/><\/figure>\n\n\n\n<p>Grundrisse<\/p>\n\n\n\n<div class=\"wp-block-columns is-layout-flex wp-container-core-columns-is-layout-28f84493 wp-block-columns-is-layout-flex\">\n<div class=\"wp-block-column is-layout-flow wp-block-column-is-layout-flow\">\n<figure class=\"wp-block-image size-full\"><img loading=\"lazy\" decoding=\"async\" width=\"2000\" height=\"1472\" src=\"https:\/\/halbes-schloss.de\/wp-content\/uploads\/2024\/08\/Souterrain-.jpg\" alt=\"\" class=\"wp-image-867\" srcset=\"https:\/\/halbes-schloss.de\/wp-content\/uploads\/2024\/08\/Souterrain-.jpg 2000w, https:\/\/halbes-schloss.de\/wp-content\/uploads\/2024\/08\/Souterrain--300x221.jpg 300w, https:\/\/halbes-schloss.de\/wp-content\/uploads\/2024\/08\/Souterrain--1024x754.jpg 1024w\" sizes=\"auto, (max-width: 2000px) 100vw, 2000px\" \/><\/figure>\n<\/div>\n\n\n\n<div class=\"wp-block-column is-layout-flow wp-block-column-is-layout-flow\">\n<h3 class=\"wp-block-heading\">Das Souterrain <\/h3>\n\n\n\n<p>Das Souterrain des Schlosses verf\u00fcgte urspr\u00fcnglich \u00fcber gro\u00dfe Fenster, die den Blick in den Wassergraben freigaben. Heute sind diese Fenster stellenweise durch das angestiegene Gel\u00e4nde verdeckt. Aufgrund der Lage direkt im Waal war im Geb\u00e4ude kein klassischer Keller vorgesehen; stattdessen erfolgen die Erschlie\u00dfungen der R\u00e4ume \u00fcber den Innenhof. Auff\u00e4llig sind hierbei insbesondere die ovalen Okuli, die einen pr\u00e4gnanten Blickfang darstellen.<\/p>\n\n\n\n<p>\u00dcber die bauzeitlichen Funktionen aller R\u00e4ume liegen nicht durchg\u00e4ngig Informationen vor. Bis heute lassen sich jedoch bestimmte Funktionsbereiche rekonstruieren: So ist der Bereich der Arrestzelle, die Backstube sowie die Fleischkammer historisch belegt. Die architektonische Gestaltung des Souterrains verbindet dabei Elemente einer lehnsherrschaftlichen Funktionalit\u00e4t mit dem zeitgen\u00f6ssischen Ausdruck der Leipziger Handelspal\u00e4ste, die in fr\u00fcheren Zeiten auch als Mietr\u00e4ume w\u00e4hrend Messezeiten genutzt wurden.<\/p>\n<\/div>\n<\/div>\n\n\n\n<div class=\"wp-block-columns is-layout-flex wp-container-core-columns-is-layout-28f84493 wp-block-columns-is-layout-flex\">\n<div class=\"wp-block-column is-layout-flow wp-block-column-is-layout-flow\">\n<figure class=\"wp-block-image size-full\"><img loading=\"lazy\" decoding=\"async\" width=\"2000\" height=\"1472\" src=\"https:\/\/halbes-schloss.de\/wp-content\/uploads\/2024\/08\/EG.jpg\" alt=\"\" class=\"wp-image-868\" srcset=\"https:\/\/halbes-schloss.de\/wp-content\/uploads\/2024\/08\/EG.jpg 2000w, https:\/\/halbes-schloss.de\/wp-content\/uploads\/2024\/08\/EG-300x221.jpg 300w, https:\/\/halbes-schloss.de\/wp-content\/uploads\/2024\/08\/EG-1024x754.jpg 1024w\" sizes=\"auto, (max-width: 2000px) 100vw, 2000px\" \/><\/figure>\n<\/div>\n\n\n\n<div class=\"wp-block-column is-layout-flow wp-block-column-is-layout-flow\">\n<h3 class=\"wp-block-heading\">Das Erdgeschoss <\/h3>\n\n\n\n<p>Das Erdgeschoss vermittelt bis heute den Charakter einer barocken Residenz. Die Anordnung und Abfolge der R\u00e4ume verdeutlicht eine klare Gliederung in \u00f6ffentliche, teil\u00f6ffentliche und funktionale Bereiche, insbesondere im Zusammenhang mit dem K\u00fcchentrakt.<\/p>\n\n\n\n<p>Besonders hervorzuheben sind zwei bauzeitliche Stuckdecken, die sich in diesem Geschoss original erhalten haben. Sie wurden bislang nie farblich \u00fcberfasst und zeigen damit die urspr\u00fcngliche gestalterische Intention.<\/p>\n\n\n\n<p>Dar\u00fcber hinaus sind im Erdgeschoss Einbauten aus der Zeit nach der Niederlegung des Festsaalfl\u00fcgels erhalten geblieben. Besonders zu nennen ist hierbei der Raum oberhalb der zentralen Toranlage, der in dieser Phase umgestaltet wurde.<\/p>\n<\/div>\n<\/div>\n\n\n\n<div class=\"wp-block-columns is-layout-flex wp-container-core-columns-is-layout-28f84493 wp-block-columns-is-layout-flex\">\n<div class=\"wp-block-column is-layout-flow wp-block-column-is-layout-flow\">\n<figure class=\"wp-block-image size-full\"><img loading=\"lazy\" decoding=\"async\" width=\"2000\" height=\"1472\" src=\"https:\/\/halbes-schloss.de\/wp-content\/uploads\/2024\/08\/OG.jpg\" alt=\"\" class=\"wp-image-869\" srcset=\"https:\/\/halbes-schloss.de\/wp-content\/uploads\/2024\/08\/OG.jpg 2000w, https:\/\/halbes-schloss.de\/wp-content\/uploads\/2024\/08\/OG-300x221.jpg 300w, https:\/\/halbes-schloss.de\/wp-content\/uploads\/2024\/08\/OG-1024x754.jpg 1024w\" sizes=\"auto, (max-width: 2000px) 100vw, 2000px\" \/><\/figure>\n<\/div>\n\n\n\n<div class=\"wp-block-column is-layout-flow wp-block-column-is-layout-flow\">\n<h3 class=\"wp-block-heading\">Das Obergeschoss <\/h3>\n\n\n\n<p>In Anlehnung an die architektonische Tradition barocker Wasserschl\u00f6sser wie auch zeitgen\u00f6ssischer Handelspal\u00e4ste wurden die Repr\u00e4sentationsr\u00e4ume des Schlosses im Obergeschoss angeordnet. Besonders hervorzuheben ist die Raumfolge aus Treppenraum, Saal und Vestib\u00fcl, die den gestalterischen H\u00f6hepunkt der Anlage bildet.<\/p>\n\n\n\n<p>In diesem Bereich befinden sich die bedeutendsten Stuckaturen des Schlosses. Gleichzeitig weist das Obergeschoss auch die gravierendsten baulichen Sch\u00e4den auf, die insbesondere durch jahrzehntelangen Leerstand und unzureichenden Witterungsschutz entstanden sind.<\/p>\n\n\n\n<p>Ein Besuch im Halben Schloss macht deutlich: Erhalten geblieben sind heute lediglich die \u201ekleineren\u201c R\u00e4ume des urspr\u00fcnglichen Gesamtbaus. Die einst imposanten Hauptrepr\u00e4sentationsr\u00e4ume, insbesondere im Bereich des abgetragenen S\u00fcdfl\u00fcgels, sind unwiederbringlich verloren.<\/p>\n<\/div>\n<\/div>\n\n\n\n<div class=\"wp-block-columns is-layout-flex wp-container-core-columns-is-layout-28f84493 wp-block-columns-is-layout-flex\">\n<div class=\"wp-block-column is-layout-flow wp-block-column-is-layout-flow\">\n<figure class=\"wp-block-image size-full\"><img loading=\"lazy\" decoding=\"async\" width=\"2000\" height=\"1472\" src=\"https:\/\/halbes-schloss.de\/wp-content\/uploads\/2024\/08\/DG.jpg\" alt=\"\" class=\"wp-image-870\" srcset=\"https:\/\/halbes-schloss.de\/wp-content\/uploads\/2024\/08\/DG.jpg 2000w, https:\/\/halbes-schloss.de\/wp-content\/uploads\/2024\/08\/DG-300x221.jpg 300w, https:\/\/halbes-schloss.de\/wp-content\/uploads\/2024\/08\/DG-1024x754.jpg 1024w\" sizes=\"auto, (max-width: 2000px) 100vw, 2000px\" \/><\/figure>\n<\/div>\n\n\n\n<div class=\"wp-block-column is-layout-flow wp-block-column-is-layout-flow\">\n<h3 class=\"wp-block-heading\">Das Dachgeschoss<\/h3>\n\n\n\n<p>Das Halbe Schloss verf\u00fcgt bis heute \u00fcber eine eindrucksvolle barocke Dachkonstruktion. \u00dcber 97 Prozent des verbauten Holzes stammen noch aus der Bauzeit und belegen den au\u00dfergew\u00f6hnlich hohen Erhaltungsgrad dieser Tragstruktur.<\/p>\n\n\n\n<p>Urspr\u00fcnglich wurde das Dachgeschoss \u00fcber die Haupttreppe im S\u00fcdfl\u00fcgel erschlossen. Eine Nutzung dieser Fl\u00e4chen ist f\u00fcr die Barockzeit nicht nachweisbar; es ist davon auszugehen, dass das Dachgeschoss zun\u00e4chst ungenutzt blieb.<\/p>\n\n\n\n<p>Erst in sp\u00e4teren Jahrhunderten erfolgte der nachtr\u00e4gliche Einbau von Abstellr\u00e4umen sowie die Nutzung als Lagerfl\u00e4che, unter anderem zur Aufbewahrung von Feuerwehrschl\u00e4uchen.<\/p>\n\n\n\n<p>Heute ist der barocke Raumeindruck im Dachgeschoss wiederhergestellt und als solcher erlebbar.<\/p>\n<\/div>\n<\/div>\n\n\n\n<figure class=\"wp-block-image size-full\"><img loading=\"lazy\" decoding=\"async\" width=\"1024\" height=\"1\" src=\"https:\/\/halbes-schloss.de\/wp-content\/uploads\/2024\/02\/Webseite_Trenner_lang.jpg\" alt=\"\" class=\"wp-image-620\" srcset=\"https:\/\/halbes-schloss.de\/wp-content\/uploads\/2024\/02\/Webseite_Trenner_lang.jpg 1024w, https:\/\/halbes-schloss.de\/wp-content\/uploads\/2024\/02\/Webseite_Trenner_lang-300x1.jpg 300w, https:\/\/halbes-schloss.de\/wp-content\/uploads\/2024\/02\/Webseite_Trenner_lang-150x1.jpg 150w, https:\/\/halbes-schloss.de\/wp-content\/uploads\/2024\/02\/Webseite_Trenner_lang-768x1.jpg 768w, https:\/\/halbes-schloss.de\/wp-content\/uploads\/2024\/02\/Webseite_Trenner_lang-950x1.jpg 950w\" sizes=\"auto, (max-width: 1024px) 100vw, 1024px\" \/><\/figure>\n\n\n\n<p><strong>Schnitte<\/strong><\/p>\n\n\n\n<div class=\"wp-block-columns is-layout-flex wp-container-core-columns-is-layout-28f84493 wp-block-columns-is-layout-flex\">\n<div class=\"wp-block-column is-layout-flow wp-block-column-is-layout-flow\">\n<figure class=\"wp-block-image size-full\"><img loading=\"lazy\" decoding=\"async\" width=\"2000\" height=\"1229\" src=\"https:\/\/halbes-schloss.de\/wp-content\/uploads\/2024\/08\/schnitt.jpg\" alt=\"\" class=\"wp-image-880\" srcset=\"https:\/\/halbes-schloss.de\/wp-content\/uploads\/2024\/08\/schnitt.jpg 2000w, https:\/\/halbes-schloss.de\/wp-content\/uploads\/2024\/08\/schnitt-300x184.jpg 300w, https:\/\/halbes-schloss.de\/wp-content\/uploads\/2024\/08\/schnitt-1024x629.jpg 1024w\" sizes=\"auto, (max-width: 2000px) 100vw, 2000px\" \/><\/figure>\n<\/div>\n\n\n\n<div class=\"wp-block-column is-layout-flow wp-block-column-is-layout-flow\">\n<h3 class=\"wp-block-heading\"><em>Ostfl\u00fcgel<\/em><\/h3>\n\n\n\n<p><\/p>\n\n\n\n<p><\/p>\n\n\n\n<p><\/p>\n\n\n\n<p>Nach der Niederlegung des Festsaalfl\u00fcgels sind heute noch etwa zwei Drittel des urspr\u00fcnglichen Schlosses erhalten. Dieser Eingriff ist nicht nur an der \u00e4u\u00dferen Kubatur, sondern auch in der Dachgeometrie und den inneren Raumfolgen ablesbar. Urspr\u00fcnglich fortgef\u00fchrte Raumachsen enden heute abrupt an der s\u00fcdlichen Abschlusswand des verbleibenden Bauk\u00f6rpers.<\/p>\n<\/div>\n<\/div>\n\n\n\n<div class=\"wp-block-columns is-layout-flex wp-container-core-columns-is-layout-28f84493 wp-block-columns-is-layout-flex\">\n<div class=\"wp-block-column is-layout-flow wp-block-column-is-layout-flow\">\n<figure class=\"wp-block-image size-full\"><img loading=\"lazy\" decoding=\"async\" width=\"2000\" height=\"1344\" src=\"https:\/\/halbes-schloss.de\/wp-content\/uploads\/2024\/08\/nord.jpg\" alt=\"\" class=\"wp-image-887\" srcset=\"https:\/\/halbes-schloss.de\/wp-content\/uploads\/2024\/08\/nord.jpg 2000w, https:\/\/halbes-schloss.de\/wp-content\/uploads\/2024\/08\/nord-300x202.jpg 300w, https:\/\/halbes-schloss.de\/wp-content\/uploads\/2024\/08\/nord-1024x688.jpg 1024w\" sizes=\"auto, (max-width: 2000px) 100vw, 2000px\" \/><\/figure>\n<\/div>\n\n\n\n<div class=\"wp-block-column is-layout-flow wp-block-column-is-layout-flow\">\n<h3 class=\"wp-block-heading\"><em>Nordfl\u00fcgel<\/em><\/h3>\n\n\n\n<p><\/p>\n\n\n\n<p><\/p>\n\n\n\n<p><\/p>\n\n\n\n<p>Der Nordfl\u00fcgel bildet heute den Eingangsbereich zum Schloss. An der Gestaltung der Fassaden sowie der Raumfolgen l\u00e4sst sich bis heute ablesen, dass es sich urspr\u00fcnglich um einen eher privaten Zugang handelte, nicht um den repr\u00e4sentativen Haupteingang.<\/p>\n\n\n\n<p>Der Kopfbau dieses Fl\u00fcgels umfasst zugleich die gr\u00f6\u00dften R\u00e4ume des erhaltenen Bauk\u00f6rpers und nimmt damit eine besondere Stellung innerhalb der Gesamtanlage ein.<\/p>\n<\/div>\n<\/div>\n\n\n\n<figure class=\"wp-block-image size-full\"><img loading=\"lazy\" decoding=\"async\" width=\"1024\" height=\"1\" src=\"https:\/\/halbes-schloss.de\/wp-content\/uploads\/2024\/02\/Webseite_Trenner_lang.jpg\" alt=\"\" class=\"wp-image-620\" srcset=\"https:\/\/halbes-schloss.de\/wp-content\/uploads\/2024\/02\/Webseite_Trenner_lang.jpg 1024w, https:\/\/halbes-schloss.de\/wp-content\/uploads\/2024\/02\/Webseite_Trenner_lang-300x1.jpg 300w, https:\/\/halbes-schloss.de\/wp-content\/uploads\/2024\/02\/Webseite_Trenner_lang-150x1.jpg 150w, https:\/\/halbes-schloss.de\/wp-content\/uploads\/2024\/02\/Webseite_Trenner_lang-768x1.jpg 768w, https:\/\/halbes-schloss.de\/wp-content\/uploads\/2024\/02\/Webseite_Trenner_lang-950x1.jpg 950w\" sizes=\"auto, (max-width: 1024px) 100vw, 1024px\" \/><\/figure>\n\n\n\n<p><strong>Ostfassade <\/strong><\/p>\n\n\n\n<div class=\"wp-block-columns is-layout-flex wp-container-core-columns-is-layout-28f84493 wp-block-columns-is-layout-flex\">\n<div class=\"wp-block-column is-layout-flow wp-block-column-is-layout-flow\">\n<figure class=\"wp-block-image size-full\"><img loading=\"lazy\" decoding=\"async\" width=\"2000\" height=\"1311\" src=\"https:\/\/halbes-schloss.de\/wp-content\/uploads\/2024\/08\/ost.jpg\" alt=\"\" class=\"wp-image-889\" srcset=\"https:\/\/halbes-schloss.de\/wp-content\/uploads\/2024\/08\/ost.jpg 2000w, https:\/\/halbes-schloss.de\/wp-content\/uploads\/2024\/08\/ost-300x197.jpg 300w, https:\/\/halbes-schloss.de\/wp-content\/uploads\/2024\/08\/ost-1024x671.jpg 1024w\" sizes=\"auto, (max-width: 2000px) 100vw, 2000px\" \/><\/figure>\n<\/div>\n\n\n\n<div class=\"wp-block-column is-layout-flow wp-block-column-is-layout-flow\">\n<h3 class=\"wp-block-heading\"><em>Die ganze Fassade <\/em><\/h3>\n\n\n\n<p><\/p>\n\n\n\n<p><\/p>\n\n\n\n<p><\/p>\n\n\n\n<p>Die nebenstehende Skizze zeigt einen Versuch der rekonstruktiven Darstellung der urspr\u00fcnglichen Ostfassade des Schlosses. Der grau hinterlegte Bereich markiert den nicht mehr vorhandenen Festsaalfl\u00fcgel, der im 19. Jahrhundert niedergelegt wurde.<\/p>\n\n\n\n<p>Die Darstellung verdeutlicht den urspr\u00fcnglich symmetrischen Aufbau der Fassade. Die abweichenden Dachh\u00f6hen ergeben sich aus der Konstruktion \u00fcber dem ehemaligen Festsaal, der gem\u00e4\u00df zeitgen\u00f6ssischer Beschreibungen eine deutlich gr\u00f6\u00dfere Raumh\u00f6he aufwies.<\/p>\n<\/div>\n<\/div>\n\n\n\n<p><\/p>\n","protected":false},"excerpt":{"rendered":"<p>Einblick in die Architektur Das Schloss &#8211; 1711 bis ca. 1838 Die bislang einzige bekannte Darstellung des vollst\u00e4ndigen Schlosses stammt vermutlich aus der Zeit zwischen 1820 und 1830. Sie zeigt das Geb\u00e4ude in seinem urspr\u00fcnglichen Zustand vor der Niederlegung des S\u00fcdfl\u00fcgels. Das Schloss war ein beeindruckender Bauk\u00f6rper mit \u00fcber 120 Fenstern, acht risalitartig hervortretenden Achsen &hellip; <\/p>\n<p class=\"link-more\"><a href=\"https:\/\/halbes-schloss.de\/index.php\/das-halbe-schloss\/\" class=\"more-link\">Mehr <span class=\"screen-reader-text\">\u00fcber &#8222;Das Halbe Schloss&#8220; <\/span>Lesen<\/a><\/p>\n","protected":false},"author":1,"featured_media":0,"parent":0,"menu_order":0,"comment_status":"closed","ping_status":"closed","template":"","meta":{"footnotes":""},"class_list":["post-854","page","type-page","status-publish","hentry"],"_links":{"self":[{"href":"https:\/\/halbes-schloss.de\/index.php\/wp-json\/wp\/v2\/pages\/854","targetHints":{"allow":["GET"]}}],"collection":[{"href":"https:\/\/halbes-schloss.de\/index.php\/wp-json\/wp\/v2\/pages"}],"about":[{"href":"https:\/\/halbes-schloss.de\/index.php\/wp-json\/wp\/v2\/types\/page"}],"author":[{"embeddable":true,"href":"https:\/\/halbes-schloss.de\/index.php\/wp-json\/wp\/v2\/users\/1"}],"replies":[{"embeddable":true,"href":"https:\/\/halbes-schloss.de\/index.php\/wp-json\/wp\/v2\/comments?post=854"}],"version-history":[{"count":19,"href":"https:\/\/halbes-schloss.de\/index.php\/wp-json\/wp\/v2\/pages\/854\/revisions"}],"predecessor-version":[{"id":1084,"href":"https:\/\/halbes-schloss.de\/index.php\/wp-json\/wp\/v2\/pages\/854\/revisions\/1084"}],"wp:attachment":[{"href":"https:\/\/halbes-schloss.de\/index.php\/wp-json\/wp\/v2\/media?parent=854"}],"curies":[{"name":"wp","href":"https:\/\/api.w.org\/{rel}","templated":true}]}}