{"id":810,"date":"2024-08-03T12:16:11","date_gmt":"2024-08-03T12:16:11","guid":{"rendered":"https:\/\/halbes-schloss.de\/?page_id=810"},"modified":"2025-05-01T14:19:35","modified_gmt":"2025-05-01T14:19:35","slug":"architektur","status":"publish","type":"page","link":"https:\/\/halbes-schloss.de\/index.php\/architektur\/","title":{"rendered":"Architektur"},"content":{"rendered":"\n<p>Die Baugeschichte und damit auch die Architektur des Schlosses ist bisher nie umfassend untersucht worden. Seit dem Beginn der Revitalisierung des Schlosses ab 2020 wird, laufend zu den baulichen Ma\u00dfnahmen am Objekt, auch die Bau-und Nutzungsgeschichte des Schlosses wissenschaftlich bearbeitet. <\/p>\n\n\n\n<figure class=\"wp-block-image size-full\"><img loading=\"lazy\" decoding=\"async\" width=\"1024\" height=\"1\" src=\"https:\/\/halbes-schloss.de\/wp-content\/uploads\/2024\/02\/Webseite_Trenner_lang.jpg\" alt=\"\" class=\"wp-image-620\" srcset=\"https:\/\/halbes-schloss.de\/wp-content\/uploads\/2024\/02\/Webseite_Trenner_lang.jpg 1024w, https:\/\/halbes-schloss.de\/wp-content\/uploads\/2024\/02\/Webseite_Trenner_lang-300x1.jpg 300w, https:\/\/halbes-schloss.de\/wp-content\/uploads\/2024\/02\/Webseite_Trenner_lang-150x1.jpg 150w, https:\/\/halbes-schloss.de\/wp-content\/uploads\/2024\/02\/Webseite_Trenner_lang-768x1.jpg 768w, https:\/\/halbes-schloss.de\/wp-content\/uploads\/2024\/02\/Webseite_Trenner_lang-950x1.jpg 950w\" sizes=\"auto, (max-width: 1024px) 100vw, 1024px\" \/><\/figure>\n\n\n\n<div class=\"wp-block-columns is-layout-flex wp-container-core-columns-is-layout-28f84493 wp-block-columns-is-layout-flex\">\n<div class=\"wp-block-column is-layout-flow wp-block-column-is-layout-flow\">\n<figure class=\"wp-block-image size-full\"><img loading=\"lazy\" decoding=\"async\" width=\"1950\" height=\"1032\" src=\"https:\/\/halbes-schloss.de\/wp-content\/uploads\/2024\/08\/Bildschirmfoto-2024-08-19-um-11.46.05.png\" alt=\"\" class=\"wp-image-847\" srcset=\"https:\/\/halbes-schloss.de\/wp-content\/uploads\/2024\/08\/Bildschirmfoto-2024-08-19-um-11.46.05.png 1950w, https:\/\/halbes-schloss.de\/wp-content\/uploads\/2024\/08\/Bildschirmfoto-2024-08-19-um-11.46.05-300x159.png 300w, https:\/\/halbes-schloss.de\/wp-content\/uploads\/2024\/08\/Bildschirmfoto-2024-08-19-um-11.46.05-1024x542.png 1024w\" sizes=\"auto, (max-width: 1950px) 100vw, 1950px\" \/><\/figure>\n<\/div>\n\n\n\n<div class=\"wp-block-column is-layout-flow wp-block-column-is-layout-flow\">\n<h3 class=\"wp-block-heading\">Die Anlage &#8211; Residenz auf dem Land? <\/h3>\n\n\n\n<p>Die Anlage des Ritterguts mit dem dazugeh\u00f6rigen Schloss geht auf eine slawische Ringburg zur\u00fcck. Die baulichen Vorg\u00e4nger sind heute nur noch in Ans\u00e4tzen bekannt. Mit dem Neubau des Schlosses zu Beginn des 18. Jahrhunderts wurden auch die Wirtschaftsgeb\u00e4ude umfassend \u00fcberarbeitet. Teilweise haben sich Mauerz\u00fcge aus dem Mittelalter bis in die heutige Zeit erhalten. Um das Jahr 1800 umfasste das Gut eine Vielzahl unterschiedlicher Geb\u00e4ude und Anlagen: Wirtschaftsgeb\u00e4ude, G\u00e4rten, eine Wasserkunst zur Versorgung der Anlage sowie verschiedene gewerbliche Einrichtungen. Die Dimension und Ausstattung des Gesamtensembles \u00fcberstiegen die f\u00fcr einen l\u00e4ndlichen Ort \u00fcblichen Ma\u00dfst\u00e4be deutlich. Die Anlage stellte vielmehr ein Beispiel f\u00fcr f\u00fcrstlichen Anspruch in der Provinz dar \u2013 geschaffen von einem wohlhabenden Kaufmann.<\/p>\n<\/div>\n<\/div>\n\n\n\n<figure class=\"wp-block-image size-full\"><img loading=\"lazy\" decoding=\"async\" width=\"1024\" height=\"1\" src=\"https:\/\/halbes-schloss.de\/wp-content\/uploads\/2024\/02\/Webseite_Trenner_lang.jpg\" alt=\"\" class=\"wp-image-620\" srcset=\"https:\/\/halbes-schloss.de\/wp-content\/uploads\/2024\/02\/Webseite_Trenner_lang.jpg 1024w, https:\/\/halbes-schloss.de\/wp-content\/uploads\/2024\/02\/Webseite_Trenner_lang-300x1.jpg 300w, https:\/\/halbes-schloss.de\/wp-content\/uploads\/2024\/02\/Webseite_Trenner_lang-150x1.jpg 150w, https:\/\/halbes-schloss.de\/wp-content\/uploads\/2024\/02\/Webseite_Trenner_lang-768x1.jpg 768w, https:\/\/halbes-schloss.de\/wp-content\/uploads\/2024\/02\/Webseite_Trenner_lang-950x1.jpg 950w\" sizes=\"auto, (max-width: 1024px) 100vw, 1024px\" \/><\/figure>\n\n\n\n<div class=\"wp-block-columns is-layout-flex wp-container-core-columns-is-layout-28f84493 wp-block-columns-is-layout-flex\">\n<div class=\"wp-block-column is-layout-flow wp-block-column-is-layout-flow\">\n<figure class=\"wp-block-image size-full\"><img loading=\"lazy\" decoding=\"async\" width=\"2560\" height=\"1462\" src=\"https:\/\/halbes-schloss.de\/wp-content\/uploads\/2024\/08\/Baustein03-scaled.jpg\" alt=\"\" class=\"wp-image-822\" srcset=\"https:\/\/halbes-schloss.de\/wp-content\/uploads\/2024\/08\/Baustein03-scaled.jpg 2560w, https:\/\/halbes-schloss.de\/wp-content\/uploads\/2024\/08\/Baustein03-300x171.jpg 300w, https:\/\/halbes-schloss.de\/wp-content\/uploads\/2024\/08\/Baustein03-1024x585.jpg 1024w, https:\/\/halbes-schloss.de\/wp-content\/uploads\/2024\/08\/Baustein03-2000x1143.jpg 2000w\" sizes=\"auto, (max-width: 2560px) 100vw, 2560px\" \/><\/figure>\n<\/div>\n\n\n\n<div class=\"wp-block-column is-layout-flow wp-block-column-is-layout-flow\">\n<h3 class=\"wp-block-heading\">Rittergut &#8211; St\u00e4dtebau<\/h3>\n\n\n\n<p>Das Schloss ist ohne sein zugeh\u00f6riges Rittergut und den Wirtschaftshof nicht vollst\u00e4ndig zu verstehen. Von den urspr\u00fcnglich umfangreichen Wirtschaftsgeb\u00e4uden ist heute nur noch ein Teil erhalten. Diese Fachwerkbauten umgaben einst den inneren Hofbereich des Schlosses und schlossen ihn durch zwei Toranlagen ab. Ein Durchgang ist bis heute erhalten geblieben. Die urspr\u00fcnglich zum Schloss hin offene Anlage wurde durch den Wassergraben (Waal) abgegrenzt und gesichert. Die Wirtschaftsgeb\u00e4ude selbst gehen gr\u00f6\u00dftenteils auf \u00e4ltere Vorg\u00e4ngerbauten zur\u00fcck, die im Zuge des barocken Umbaus lediglich angepasst wurden. Weitere funktionale Geb\u00e4ude wie M\u00fchlen, S\u00e4gewerke und Stallungen befanden sich au\u00dferhalb des eigentlichen Wirtschaftshofs. Einige dieser Anlagen sind bis heute erhalten oder zumindest in ihrer Struktur nachvollziehbar.<\/p>\n<\/div>\n<\/div>\n\n\n\n<figure class=\"wp-block-image size-full\"><img loading=\"lazy\" decoding=\"async\" width=\"1024\" height=\"1\" src=\"https:\/\/halbes-schloss.de\/wp-content\/uploads\/2024\/02\/Webseite_Trenner_lang.jpg\" alt=\"\" class=\"wp-image-620\" srcset=\"https:\/\/halbes-schloss.de\/wp-content\/uploads\/2024\/02\/Webseite_Trenner_lang.jpg 1024w, https:\/\/halbes-schloss.de\/wp-content\/uploads\/2024\/02\/Webseite_Trenner_lang-300x1.jpg 300w, https:\/\/halbes-schloss.de\/wp-content\/uploads\/2024\/02\/Webseite_Trenner_lang-150x1.jpg 150w, https:\/\/halbes-schloss.de\/wp-content\/uploads\/2024\/02\/Webseite_Trenner_lang-768x1.jpg 768w, https:\/\/halbes-schloss.de\/wp-content\/uploads\/2024\/02\/Webseite_Trenner_lang-950x1.jpg 950w\" sizes=\"auto, (max-width: 1024px) 100vw, 1024px\" \/><\/figure>\n\n\n\n<div class=\"wp-block-columns is-layout-flex wp-container-core-columns-is-layout-28f84493 wp-block-columns-is-layout-flex\">\n<div class=\"wp-block-column is-layout-flow wp-block-column-is-layout-flow\">\n<figure class=\"wp-block-image size-full\"><img loading=\"lazy\" decoding=\"async\" width=\"2560\" height=\"1462\" src=\"https:\/\/halbes-schloss.de\/wp-content\/uploads\/2024\/08\/Baustein01-scaled.jpg\" alt=\"\" class=\"wp-image-821\" srcset=\"https:\/\/halbes-schloss.de\/wp-content\/uploads\/2024\/08\/Baustein01-scaled.jpg 2560w, https:\/\/halbes-schloss.de\/wp-content\/uploads\/2024\/08\/Baustein01-300x171.jpg 300w, https:\/\/halbes-schloss.de\/wp-content\/uploads\/2024\/08\/Baustein01-1024x585.jpg 1024w, https:\/\/halbes-schloss.de\/wp-content\/uploads\/2024\/08\/Baustein01-2000x1143.jpg 2000w\" sizes=\"auto, (max-width: 2560px) 100vw, 2560px\" \/><\/figure>\n<\/div>\n\n\n\n<div class=\"wp-block-column is-layout-flow wp-block-column-is-layout-flow\">\n<h3 class=\"wp-block-heading\">Das Schloss &#8211; Hauptgeb\u00e4ude<\/h3>\n\n\n\n<p>Das Hauptgeb\u00e4ude der Anlage, heute als \u201eHalbes Schloss\u201c bekannt, wurde bis 1711 als Wasserschloss errichtet. Seit der Niederlegung des s\u00fcdlichen Fl\u00fcgels, der auch den Festsaal beherbergte, ist lediglich ein U-f\u00f6rmiger Bauk\u00f6rper erhalten geblieben.<\/p>\n\n\n\n<p>Die Schaufassade des Schlosses ist auf den heutigen Kastanienpark ausgerichtet. Aufgrund von Gel\u00e4ndeauff\u00fcllungen sowie dem nat\u00fcrlichen Anstieg des Bodenniveaus \u00fcber die Jahrhunderte liegt das Schloss heute etwa 1,5 Meter tiefer als zur Zeit seiner Errichtung. Die urspr\u00fcnglichen barocken Proportionen der Anlage sind dadurch nur noch eingeschr\u00e4nkt erlebbar.<\/p>\n\n\n\n<p>Mehr zur Architektur des Schlosses k\u00f6nnen Sie <a href=\"https:\/\/halbes-schloss.de\/index.php\/das-halbe-schloss\/\">hier<\/a> erfahren.<\/p>\n<\/div>\n<\/div>\n\n\n\n<figure class=\"wp-block-image size-full\"><img loading=\"lazy\" decoding=\"async\" width=\"1024\" height=\"1\" src=\"https:\/\/halbes-schloss.de\/wp-content\/uploads\/2024\/02\/Webseite_Trenner_lang.jpg\" alt=\"\" class=\"wp-image-620\" srcset=\"https:\/\/halbes-schloss.de\/wp-content\/uploads\/2024\/02\/Webseite_Trenner_lang.jpg 1024w, https:\/\/halbes-schloss.de\/wp-content\/uploads\/2024\/02\/Webseite_Trenner_lang-300x1.jpg 300w, https:\/\/halbes-schloss.de\/wp-content\/uploads\/2024\/02\/Webseite_Trenner_lang-150x1.jpg 150w, https:\/\/halbes-schloss.de\/wp-content\/uploads\/2024\/02\/Webseite_Trenner_lang-768x1.jpg 768w, https:\/\/halbes-schloss.de\/wp-content\/uploads\/2024\/02\/Webseite_Trenner_lang-950x1.jpg 950w\" sizes=\"auto, (max-width: 1024px) 100vw, 1024px\" \/><\/figure>\n\n\n\n<div class=\"wp-block-columns is-layout-flex wp-container-core-columns-is-layout-28f84493 wp-block-columns-is-layout-flex\">\n<div class=\"wp-block-column is-layout-flow wp-block-column-is-layout-flow\">\n<figure class=\"wp-block-image size-full\"><img loading=\"lazy\" decoding=\"async\" width=\"2560\" height=\"1462\" src=\"https:\/\/halbes-schloss.de\/wp-content\/uploads\/2024\/08\/Baustein02-scaled.jpg\" alt=\"\" class=\"wp-image-850\" srcset=\"https:\/\/halbes-schloss.de\/wp-content\/uploads\/2024\/08\/Baustein02-scaled.jpg 2560w, https:\/\/halbes-schloss.de\/wp-content\/uploads\/2024\/08\/Baustein02-300x171.jpg 300w, https:\/\/halbes-schloss.de\/wp-content\/uploads\/2024\/08\/Baustein02-1024x585.jpg 1024w, https:\/\/halbes-schloss.de\/wp-content\/uploads\/2024\/08\/Baustein02-2000x1143.jpg 2000w\" sizes=\"auto, (max-width: 2560px) 100vw, 2560px\" \/><\/figure>\n<\/div>\n\n\n\n<div class=\"wp-block-column is-layout-flow wp-block-column-is-layout-flow\">\n<h3 class=\"wp-block-heading\">Die &#8222;Schlossm\u00fchle&#8220; &#8211; Wohnhaus der ehemaligen M\u00fchle<\/h3>\n\n\n\n<p>Ein Rittergut war stets auch ein Wirtschaftsstandort. Aufgrund der Lage in einem bachreichen Gebiet existierten im Ort zahlreiche M\u00fchlen. Bis zum Jahr 1903 geh\u00f6rte auch eine M\u00fchle zum Besitz des Ritterguts bzw. des Schlosses. Sie befand sich unmittelbar hinter dem Wassergraben (Waal) des Schlosses.<\/p>\n\n\n\n<p>Die zugeh\u00f6rigen M\u00fchlgr\u00e4ben sind seit \u00fcber 40 Jahren nicht mehr vorhanden, jedoch haben sich Teile der baulichen Substanz erhalten. Das Wohnhaus der M\u00fchle stammt in Teilen aus dem Jahr 1704, wurde jedoch um 1840 umfassend umgebaut.<\/p>\n\n\n\n<p>Seit dem Sommer 2024 geh\u00f6rt die M\u00fchle wieder zum Besitz des Halben Schlosses.<\/p>\n<\/div>\n<\/div>\n\n\n\n<figure class=\"wp-block-image size-full\"><img loading=\"lazy\" decoding=\"async\" width=\"1024\" height=\"1\" src=\"https:\/\/halbes-schloss.de\/wp-content\/uploads\/2024\/02\/Webseite_Trenner_lang.jpg\" alt=\"\" class=\"wp-image-620\" srcset=\"https:\/\/halbes-schloss.de\/wp-content\/uploads\/2024\/02\/Webseite_Trenner_lang.jpg 1024w, https:\/\/halbes-schloss.de\/wp-content\/uploads\/2024\/02\/Webseite_Trenner_lang-300x1.jpg 300w, https:\/\/halbes-schloss.de\/wp-content\/uploads\/2024\/02\/Webseite_Trenner_lang-150x1.jpg 150w, https:\/\/halbes-schloss.de\/wp-content\/uploads\/2024\/02\/Webseite_Trenner_lang-768x1.jpg 768w, https:\/\/halbes-schloss.de\/wp-content\/uploads\/2024\/02\/Webseite_Trenner_lang-950x1.jpg 950w\" sizes=\"auto, (max-width: 1024px) 100vw, 1024px\" \/><\/figure>\n\n\n\n<p><\/p>\n","protected":false},"excerpt":{"rendered":"<p>Die Baugeschichte und damit auch die Architektur des Schlosses ist bisher nie umfassend untersucht worden. Seit dem Beginn der Revitalisierung des Schlosses ab 2020 wird, laufend zu den baulichen Ma\u00dfnahmen am Objekt, auch die Bau-und Nutzungsgeschichte des Schlosses wissenschaftlich bearbeitet. Die Anlage &#8211; Residenz auf dem Land? Die Anlage des Ritterguts mit dem dazugeh\u00f6rigen Schloss &hellip; <\/p>\n<p class=\"link-more\"><a href=\"https:\/\/halbes-schloss.de\/index.php\/architektur\/\" class=\"more-link\">Mehr <span class=\"screen-reader-text\">\u00fcber &#8222;Architektur&#8220; <\/span>Lesen<\/a><\/p>\n","protected":false},"author":1,"featured_media":0,"parent":0,"menu_order":0,"comment_status":"closed","ping_status":"closed","template":"","meta":{"footnotes":""},"class_list":["post-810","page","type-page","status-publish","hentry"],"_links":{"self":[{"href":"https:\/\/halbes-schloss.de\/index.php\/wp-json\/wp\/v2\/pages\/810","targetHints":{"allow":["GET"]}}],"collection":[{"href":"https:\/\/halbes-schloss.de\/index.php\/wp-json\/wp\/v2\/pages"}],"about":[{"href":"https:\/\/halbes-schloss.de\/index.php\/wp-json\/wp\/v2\/types\/page"}],"author":[{"embeddable":true,"href":"https:\/\/halbes-schloss.de\/index.php\/wp-json\/wp\/v2\/users\/1"}],"replies":[{"embeddable":true,"href":"https:\/\/halbes-schloss.de\/index.php\/wp-json\/wp\/v2\/comments?post=810"}],"version-history":[{"count":17,"href":"https:\/\/halbes-schloss.de\/index.php\/wp-json\/wp\/v2\/pages\/810\/revisions"}],"predecessor-version":[{"id":1080,"href":"https:\/\/halbes-schloss.de\/index.php\/wp-json\/wp\/v2\/pages\/810\/revisions\/1080"}],"wp:attachment":[{"href":"https:\/\/halbes-schloss.de\/index.php\/wp-json\/wp\/v2\/media?parent=810"}],"curies":[{"name":"wp","href":"https:\/\/api.w.org\/{rel}","templated":true}]}}